{"id":882,"date":"2015-01-03T17:06:36","date_gmt":"2015-01-03T16:06:36","guid":{"rendered":"http:\/\/www.agricolamastroserio.it\/Pub\/?page_id=882"},"modified":"2016-05-02T15:11:53","modified_gmt":"2016-05-02T14:11:53","slug":"faq","status":"publish","type":"page","link":"https:\/\/www.agricolamastroserio.it\/Pub\/shop\/faq\/","title":{"rendered":"F.A.Q."},"content":{"rendered":"<p>ACQUISTARE NELLO STORE ONLINE DI AGRICOLAMASTROSERIO.IT<\/p>\n<p><b>F.A.Q. (Frequently Asked Questions) DOMANDE FREQUENTI<\/b><\/p>\n<p><b>Per fare acquisti nello Store Online di agricolamastroserio.it \u00e8 necessaria la registrazione? Come mi registro?<\/b><\/p>\n<p>S\u00ec, per fare acquisti nel nostro Store \u00e8 necessario essere iscritti al sito www.agricolamastroserio.it<br \/>\nRegistrarsi allo Store Online Agricola Mastroserio \u00e8 facile e veloce:<\/p>\n<ul>\n<li>Apri il sito www.agricolamastroserio.it\u00a0 nel tuo browser Clicca in alto a destra su &#8216;Accedi o Registrati\u201d<\/li>\n<li>Nella pagina che si aprir\u00e0 la scheda di Registrazione Cliente&#8217;<\/li>\n<li>Inserisci le informazioni richieste e accetta Termini e condizioni<\/li>\n<li>Riceverai un&#8217;email che ti conferma l&#8217;iscrizione allo Store Online di agricolamastroserio.it , e potrai iniziare subito a riempire il tuo Carrello.<\/li>\n<\/ul>\n<p><b>PROCEDURA D\u2019ORDINE<\/b><\/p>\n<p><b>Come ordinare da agricolamastroserio.it?<\/b><br \/>\nInserisca liberamente gli articoli facendo clic su &#8220;Aggiungi al carrello\u201d.<\/p>\n<p>\u00c8 possibile vedere tutti gli articoli presenti nel carrello facendo clic su &#8220;Carrello&#8221; e quindi su &#8220;Visualizza carrello&#8221;. \u00c8 inoltre possibile eliminare gli articoli o modificarne la quantit\u00e0.<\/p>\n<p>Se desidera acquistare gli articoli presenti nel carrello, faccia clic su &#8220;Procedi con l\u2019ordine&#8221;. Giunger\u00e0 cos\u00ec al modulo di registrazione.<\/p>\n<p>Nella registrazione inserisca i Suoi dati personali, oppure acceda se \u00e8 gi\u00e0 registrato. Una volta effettuato l&#8217;accesso, inizier\u00e0 il procedimento di pagamento.<\/p>\n<p>Verr\u00e0 visualizzata la pagina d&#8217;ordine e controllo, dove potr\u00e0 controllare il Suo carrello (prodotto, prezzo, quantit\u00e0) e specificare il metodo di pagamento e l&#8217;indirizzo di consegna. Prima di concludere l&#8217;ordine, \u00e8 inoltre necessario, sulla stessa pagina, accettare l&#8217;informativa sulla privacy, nonch\u00e9 i termini e le condizioni generali.<\/p>\n<p>Facendo clic sul pulsante &#8220;Conferma Ordine&#8221; ci trasmetter\u00e0 il Suo ordine. In questo modo il contratto di vendita pu\u00f2 considerarsi concluso.<\/p>\n<p><b>Nel sito agricolamastroserio.it \u00e8 previsto un ordine minimo?<\/b><br \/>\nNo, ma comunque l&#8217;ordine nello Store Online si compone almeno di una confezione di prodotti proposta.<\/p>\n<p><b>Come faccio a sapere che il mio ordine \u00e8 confermato?<\/b><br \/>\nUna volta effettuato il pagamento, ricever\u00e0 un&#8217;email con la conferma del Suo ordine. Nel caso in cui non dovesse ricevere l&#8217;email, provi a verificare che non sia finita nella cartella della Posta Indesiderata e se utilizza un indirizzo Gmail, controlli anche nella cartella Promozioni. Se non trovasse l&#8217;email di conferma nemmeno in queste cartelle ci contatti all&#8217;indirizzo <a href=\"mailto:info@agricolamastroserio.it%C2%A0\">info@agricolamastroserio.it\u00a0<\/a>, al numero +39 380.5477461.<\/p>\n<p><b>Quali metodi di pagamento \u00e8 possibile utilizzare nello Store Online di agricolamastroserio.it?<\/b><\/p>\n<p>Nello store Online pu\u00f2 fare acquisti utilizzando il bonifico bancario.<\/p>\n<p><b>Quali dati devo inserire? Entro quanto devo procedere al Bonifico bancario?<\/b><br \/>\nSi ricordi di effettuare il bonifico entro 3 giorni dalla data dell\u2019ordine.<br \/>\nDati per il bonifico: Beneficiario Azienda Agricola Mastroserio di Vitomichele Mastroserio IBAN: IT 09 H 05262 41430 CC1030220384, swift BPPUIT33, Causale: indica nella causale del bonifico la data , rif. dell&#8217;ordine, il tuo nome e il tuo cognome.<\/p>\n<p><b>Cosa devo fare se nel pacco che mi viene consegnato manca qualcosa o c&#8217;\u00e8 un prodotto danneggiato?<\/b><\/p>\n<p>Se al momento della consegna nel pacco ci fossero prodotti mancanti, diversi da quelli ordinati o danneggiati contattaci subito con una mail a\u00a0<a href=\"mailto:info@agricolamastroserio.it\">info@agricolamastroserio.it<\/a>\u00a0,\u00a0 o telefonicamente al numero +39 380.5477461, il nostro servizio clienti sar\u00e0 a tua disposizione per organizzare la sostituzione o il rimborso dei prodotti non conformi. Se ricevi un pacco aperto o rotto firma <b>CON RISERVA<\/b>: segnala immediatamente l\u2019accaduto al nostro servizio clienti che provveder\u00e0 a gestire la pratica per il reso e l&#8217;invio di una spedizione.<\/p>\n<p><b>Quanto costano le spese di spedizione in Italia?<\/b><br \/>\nNello Store Online di agricolamastroserio.it\u00a0 la spedizione viene calcolata in tempo reale in fase d\u2019acquisto sulla base del numero di confezioni caricate nel carrello e in quale luogo decidi di inviare la tua spesa. La spedizione viene effettuata in tutta Italia, isole comprese.<\/p>\n<p><b>Posso spedire i miei acquisti anche all&#8217;estero? Quanto costa?<\/b><br \/>\nLo Store Online di agricolamastroserio.it\u00a0 spedisce nei seguenti Paesi EU; Austria, Belgio, Bulgaria, Cipro, Croazia, Danimarca, Estonia, Finlandia, Francia, Germania, Gran Bretagna, Grecia, Irlanda,\u00a0 Italia, Lettonia, Lituania, Lussemburgo, Malta,\u00a0 Olanda, Polonia, Portogallo, Repubblica Ceca, Romania, Slovacchia, Slovenia, Spagna, Svezia, Ungheria.<br \/>\nLe spese di spedizione variano in base al peso dell&#8217;ordine e al Paese di destinazione. Durante la procedura di acquisto, le spese di spedizione si aggiorneranno automaticamente non appena sceglierai in quale Paese inviare la tua spesa.<\/p>\n<p><b>In quanto tempo spedirete il mio ordine?<\/b><br \/>\nPer gli ordini eseguiti nei giorni dal luned\u00ec al venerd\u00ec, metteremo in preparazione il tuo ordine entro 48 ore dalla ricezione del pagamento e poi saranno consegnati al corriere per la spedizione. Gli ordini che riceviamo durante il fine settimana verranno evasi a partire dal luned\u00ec successivo.<\/p>\n<p><b>Come faccio a sapere dove si trova il mio ordine?<\/b><br \/>\nQuando il tuo ordine sar\u00e0 pronto per la spedizione riceverai un&#8217;email con il link per tracciare il pacco. Attraverso il sito del corriere che ha preso in consegna la spedizione potrai sempre verificare dove si trova il tuo ordine. Nel caso in cui non dovessi ricevere l&#8217;email, prova a verificare che non sia finita nella cartella della Posta Indesiderata e, se utilizzi un indirizzo Gmail, controlla anche nella cartella Promozioni. Se non trovassi l&#8217;email nemmeno in queste cartelle contattaci all&#8217;indirizzo <a href=\"mailto:info@agricolamastroserio.it\">info@agricolamastroserio.it<\/a>,\u00a0 al numero +39 380.5477461 ti invieremo tutte le informazioni che ti servono per rintracciare la tua spedizione.<\/p>\n<p><b>In quanto tempo ricever\u00f2 il mio ordine?<\/b><br \/>\nLa tempistica di consegna dipende anche da quella di gestione dell&#8217;ordine: metodi di pagamento posticipato, come il bonifico bancario (per effettuare il quale hai 3 giorni di tempo), possono ritardare la spedizione. Dal momento in cui viene affidato al corriere, l&#8217;ordine ti verr\u00e0 consegnato in 3\/5 gg.<\/p>\n<p><b>In che modo posso contattarvi?<\/b><br \/>\nPer qualsiasi domanda, puoi scriverci un&#8217;email all&#8217;indirizzo\u00a0<a href=\"mailto:info@agricolamastroserio.it\">info@agricolamastroserio.it<\/a>, chiamarci allo +39 380.5477461 dal luned\u00ec al venerd\u00ec, dalle 9:00 alle 17:00.<\/p>\n<p>&nbsp;<\/p>\n","protected":false},"excerpt":{"rendered":"<p>ACQUISTARE NELLO STORE ONLINE DI AGRICOLAMASTROSERIO.IT F.A.Q. (Frequently Asked Questions) DOMANDE FREQUENTI Per fare acquisti nello Store Online di agricolamastroserio.it \u00e8 necessaria la registrazione? Come mi registro? S\u00ec, per fare acquisti nel nostro Store \u00e8 necessario essere iscritti al sito www.agricolamastroserio.it Registrarsi allo Store Online Agricola Mastroserio \u00e8 facile e veloce: Apri il sito www.agricolamastroserio.it\u00a0 [&hellip;]<\/p>\n","protected":false},"author":1,"featured_media":0,"parent":726,"menu_order":1,"comment_status":"closed","ping_status":"closed","template":"","meta":{"footnotes":""},"class_list":["post-882","page","type-page","status-publish","hentry"],"_links":{"self":[{"href":"https:\/\/www.agricolamastroserio.it\/Pub\/wp-json\/wp\/v2\/pages\/882","targetHints":{"allow":["GET"]}}],"collection":[{"href":"https:\/\/www.agricolamastroserio.it\/Pub\/wp-json\/wp\/v2\/pages"}],"about":[{"href":"https:\/\/www.agricolamastroserio.it\/Pub\/wp-json\/wp\/v2\/types\/page"}],"author":[{"embeddable":true,"href":"https:\/\/www.agricolamastroserio.it\/Pub\/wp-json\/wp\/v2\/users\/1"}],"replies":[{"embeddable":true,"href":"https:\/\/www.agricolamastroserio.it\/Pub\/wp-json\/wp\/v2\/comments?post=882"}],"version-history":[{"count":11,"href":"https:\/\/www.agricolamastroserio.it\/Pub\/wp-json\/wp\/v2\/pages\/882\/revisions"}],"predecessor-version":[{"id":1185,"href":"https:\/\/www.agricolamastroserio.it\/Pub\/wp-json\/wp\/v2\/pages\/882\/revisions\/1185"}],"up":[{"embeddable":true,"href":"https:\/\/www.agricolamastroserio.it\/Pub\/wp-json\/wp\/v2\/pages\/726"}],"wp:attachment":[{"href":"https:\/\/www.agricolamastroserio.it\/Pub\/wp-json\/wp\/v2\/media?parent=882"}],"curies":[{"name":"wp","href":"https:\/\/api.w.org\/{rel}","templated":true}]}}