{"id":36,"date":"2012-03-12T11:17:26","date_gmt":"2012-03-12T10:17:26","guid":{"rendered":"http:\/\/www.agricolamastroserio.it\/Pub\/?page_id=36"},"modified":"2016-05-02T15:55:41","modified_gmt":"2016-05-02T14:55:41","slug":"adotta-un-ulivo-2","status":"publish","type":"page","link":"https:\/\/www.agricolamastroserio.it\/Pub\/adotta-un-ulivo-2\/","title":{"rendered":"Iniziative"},"content":{"rendered":"<p style=\"text-align: justify;\"><strong>Valorizzare la nostra terra<\/strong> ci rende felici, \u00e8 per questo che abbiamo pensato a un itinerario turistico per spiegare la<strong> nostra passione<\/strong> mostrando a tutti coloro che lo richiederanno <strong>come si fa un buon olio<\/strong> e con quanta cura.<\/p>\n<p style=\"text-align: justify;\">Abbiamo pensato anche all&#8217;iniziativa <strong>adotta un albero<\/strong>,\u00a0per vivere di persona un&#8217;esperienza indimenticabile, un turismo vero, sostenibile, verde.<\/p>\n<p style=\"text-align: justify;\">Il nostro opificio \u00e8 aperto a tutti coloro che vogliono scoprire cosa c&#8217;\u00e8 dietro un buon olio extravergine di oliva, fissando un appuntamento. <strong>Possibilit\u00e0 di visita per scolaresche o famiglie.<\/strong><\/p>\n","protected":false},"excerpt":{"rendered":"<p>Valorizzare la nostra terra ci rende felici, \u00e8 per questo che abbiamo pensato a un itinerario turistico per spiegare la nostra passione mostrando a tutti coloro che lo richiederanno come si fa un buon olio e con quanta cura. Abbiamo pensato anche all&#8217;iniziativa adotta un albero,\u00a0per vivere di persona un&#8217;esperienza indimenticabile, un turismo vero, sostenibile, [&hellip;]<\/p>\n","protected":false},"author":1,"featured_media":0,"parent":0,"menu_order":23,"comment_status":"closed","ping_status":"closed","template":"template-full-width.php","meta":{"footnotes":""},"class_list":["post-36","page","type-page","status-publish","hentry"],"_links":{"self":[{"href":"https:\/\/www.agricolamastroserio.it\/Pub\/wp-json\/wp\/v2\/pages\/36","targetHints":{"allow":["GET"]}}],"collection":[{"href":"https:\/\/www.agricolamastroserio.it\/Pub\/wp-json\/wp\/v2\/pages"}],"about":[{"href":"https:\/\/www.agricolamastroserio.it\/Pub\/wp-json\/wp\/v2\/types\/page"}],"author":[{"embeddable":true,"href":"https:\/\/www.agricolamastroserio.it\/Pub\/wp-json\/wp\/v2\/users\/1"}],"replies":[{"embeddable":true,"href":"https:\/\/www.agricolamastroserio.it\/Pub\/wp-json\/wp\/v2\/comments?post=36"}],"version-history":[{"count":13,"href":"https:\/\/www.agricolamastroserio.it\/Pub\/wp-json\/wp\/v2\/pages\/36\/revisions"}],"predecessor-version":[{"id":1213,"href":"https:\/\/www.agricolamastroserio.it\/Pub\/wp-json\/wp\/v2\/pages\/36\/revisions\/1213"}],"wp:attachment":[{"href":"https:\/\/www.agricolamastroserio.it\/Pub\/wp-json\/wp\/v2\/media?parent=36"}],"curies":[{"name":"wp","href":"https:\/\/api.w.org\/{rel}","templated":true}]}}