{"id":1113,"date":"2015-06-30T18:31:08","date_gmt":"2015-06-30T17:31:08","guid":{"rendered":"http:\/\/www.agricolamastroserio.it\/Pub\/?page_id=1113"},"modified":"2019-02-22T14:39:01","modified_gmt":"2019-02-22T13:39:01","slug":"cookie","status":"publish","type":"page","link":"https:\/\/www.agricolamastroserio.it\/Pub\/cookie\/","title":{"rendered":"Cookie"},"content":{"rendered":"<p>Questo sito utilizza i cookies. Utilizzando il nostro sito web l\u2019utente dichiara di accettare e acconsentire all\u2019utilizzo dei cookies in conformit\u00e0 con i termini di uso dei cookies espressi in questo documento.<\/p>\n<h3>Che cosa sono i cookie?<\/h3>\n<p>I cookie sono file di testo che contengono pacchetti di informazioni che vengono memorizzati sul tuo computer o sul tuo dispositivo mobile tutte le volte che visiti un sito online attraverso un browser. Ad ogni successiva visita il browser invia questi cookies al sito web che li ha originati o ad un altro sito. I cookies permettono ai siti di ricordare alcune informazioni per permetterti di navigare online in modo semplice e veloce.<\/p>\n<p>Ci sono due principali tipi di cookie: i cookie di sessione e cookies permanenti. I cookie di sessione vengono eliminati dal computer automaticamente quando chiudi il browser, mentre i cookie permanenti restano memorizzati sul tuo computer a meno che non siano eliminati o raggiungano la loro data di scadenza.<\/p>\n<h3>I cookie sul nostro sito<\/h3>\n<p>Societ\u00e0 Agricola Mastroserio srl utilizza sul proprio sito i seguenti cookies di terze parti, con le relative finalit\u00e0:<\/p>\n<p>GOOGLE<\/p>\n<p>Societ\u00e0 Agricola Mastroserio srl utilizza Google Analytics (anonimizzato). Google Analytics genera informazioni statistiche e di altro genere attraverso i cookie, memorizzati sui computer degli utenti. Le informazioni generate relative al nostro sito web sono utilizzate per fare dei report sull\u2019utilizzo dei siti web. Google memorizzer\u00e0 ed utilizzer\u00e0 queste informazioni. La politica sulla privacy di Google \u00e8 disponibile al seguente indirizzo:<a title=\"Google Privacy Policy\" href=\"http:\/\/www.google.com\/privacypolicy.html\" target=\"_blank\" rel=\"noopener noreferrer\">http:\/\/www.google.com\/privacypolicy.html<\/a><\/p>\n<p>OVH<\/p>\n<p>Questo sito \u00e8 ospitato sui server di OVH. Accedendo al nostro sito web vengono generati i cookie clusterX e clusterBAK e sono utilizzati da OVH per il bilanciamento del carico di sistema tra i cluster di hosting.<\/p>\n<p>WOOCOMMERCE<\/p>\n<p>Per tenere traccia dei dati di spesa, WooCommerce fa uso di 3 cookie:<\/p>\n<p>&#8211; woocommerce_cart_hash<br \/>\n&#8211; woocommerce_items_in_cart<br \/>\n&#8211; wp_woocommerce_session_<br \/>\nI primi due cookie contengono informazioni sul carrello nel suo insieme e aiutano WooCommerce a capire quando cambia il carrello. Il terzo cookie (wp_woocommerce_session_) contiene un codice univoco per ogni cliente in modo che sappia dove trovare i dati della spesa nel database per ogni cliente. Nessuna informazione personale viene memorizzata all&#8217;interno di questi cookie.<\/p>\n<h3>Come disabilitare i cookie<\/h3>\n<p>Nel caso si vogliano bloccare i cookie \u00e8 possibile che ci sia un impatto negativo sull\u2019usabilit\u00e0 di alcuni siti web.<\/p>\n<p>La maggior parte dei browser permette di rifiutare\/accettare i cookie: far riferimento alla guida alla disabilitazione dei cookie relativa al browser utilizzato.<\/p>\n","protected":false},"excerpt":{"rendered":"<p>Questo sito utilizza i cookies. Utilizzando il nostro sito web l\u2019utente dichiara di accettare e acconsentire all\u2019utilizzo dei cookies in conformit\u00e0 con i termini di uso dei cookies espressi in questo documento. Che cosa sono i cookie? I cookie sono file di testo che contengono pacchetti di informazioni che vengono memorizzati sul tuo computer o [&hellip;]<\/p>\n","protected":false},"author":1,"featured_media":0,"parent":0,"menu_order":6,"comment_status":"closed","ping_status":"closed","template":"","meta":{"footnotes":""},"class_list":["post-1113","page","type-page","status-publish","hentry"],"_links":{"self":[{"href":"https:\/\/www.agricolamastroserio.it\/Pub\/wp-json\/wp\/v2\/pages\/1113","targetHints":{"allow":["GET"]}}],"collection":[{"href":"https:\/\/www.agricolamastroserio.it\/Pub\/wp-json\/wp\/v2\/pages"}],"about":[{"href":"https:\/\/www.agricolamastroserio.it\/Pub\/wp-json\/wp\/v2\/types\/page"}],"author":[{"embeddable":true,"href":"https:\/\/www.agricolamastroserio.it\/Pub\/wp-json\/wp\/v2\/users\/1"}],"replies":[{"embeddable":true,"href":"https:\/\/www.agricolamastroserio.it\/Pub\/wp-json\/wp\/v2\/comments?post=1113"}],"version-history":[{"count":6,"href":"https:\/\/www.agricolamastroserio.it\/Pub\/wp-json\/wp\/v2\/pages\/1113\/revisions"}],"predecessor-version":[{"id":1294,"href":"https:\/\/www.agricolamastroserio.it\/Pub\/wp-json\/wp\/v2\/pages\/1113\/revisions\/1294"}],"wp:attachment":[{"href":"https:\/\/www.agricolamastroserio.it\/Pub\/wp-json\/wp\/v2\/media?parent=1113"}],"curies":[{"name":"wp","href":"https:\/\/api.w.org\/{rel}","templated":true}]}}